{"id":102,"date":"2025-10-15T17:37:09","date_gmt":"2025-10-15T15:37:09","guid":{"rendered":"https:\/\/gusproyectosyreformas.es\/?page_id=102"},"modified":"2025-11-21T12:58:33","modified_gmt":"2025-11-21T11:58:33","slug":"contacto","status":"publish","type":"page","link":"https:\/\/gusproyectosyreformas.es\/en\/contacto\/","title":{"rendered":"Contact"},"content":{"rendered":"<p>[et_pb_section fb_built=\u00bb1&#8243; _builder_version=\u00bb4.27.4&#8243; _module_preset=\u00bbdefault\u00bb background_enable_color=\u00bboff\u00bb global_colors_info=\u00bb{}\u00bb][et_pb_row _builder_version=\u00bb4.27.4&#8243; _module_preset=\u00bbdefault\u00bb global_colors_info=\u00bb{}\u00bb][et_pb_column type=\u00bb4_4&#8243; _builder_version=\u00bb4.27.4&#8243; _module_preset=\u00bbdefault\u00bb global_colors_info=\u00bb{}\u00bb][et_pb_text _builder_version=\u00bb4.27.4&#8243; _module_preset=\u00bbdefault\u00bb header_font=\u00bbMontserrat|900|||||||\u00bb header_text_color=\u00bb#496476&#8243; global_colors_info=\u00bb{}\u00bb]<\/p>\n<h1 style=\"text-align: center;\">Contact Gus Renovations<\/h1>\n<p>[\/et_pb_text][et_pb_text _builder_version=\u00bb4.27.4&#8243; _module_preset=\u00bbdefault\u00bb text_font=\u00bbMontserrat||||||||\u00bb text_text_color=\u00bb#496476&#8243; global_colors_info=\u00bb{}\u00bb]<\/p>\n<p>Do you have a project in mind or need a quote for a renovation? At <strong data-start=\"169\" data-end=\"185\">Gus Reformas<\/strong> We would love to hear from you. Tell us what you need and we will advise you without obligation to offer you the best solution. You can contact us by phone, email, or phone call.<\/p>\n<p>We are here to help you turn your ideas into reality.<\/p>\n<p>[\/et_pb_text][\/et_pb_column][\/et_pb_row][\/et_pb_section][et_pb_section fb_built=\u00bb1&#8243; _builder_version=\u00bb4.27.4&#8243; _module_preset=\u00bbdefault\u00bb background_color=\u00bb#496476&#8243; global_colors_info=\u00bb{}\u00bb][et_pb_row column_structure=\u00bb1_3,1_3,1_3&#8243; _builder_version=\u00bb4.27.4&#8243; _module_preset=\u00bbdefault\u00bb global_colors_info=\u00bb{}\u00bb][et_pb_column type=\u00bb1_3&#8243; _builder_version=\u00bb4.27.4&#8243; _module_preset=\u00bbdefault\u00bb global_colors_info=\u00bb{}\u00bb][et_pb_icon font_icon=\u00bb&#xe081;||divi||400&#8243; icon_color=\u00bb#FFFFFF\u00bb icon_width=\u00bb65px\u00bb _builder_version=\u00bb4.27.4&#8243; _module_preset=\u00bbdefault\u00bb global_colors_info=\u00bb{}\u00bb][\/et_pb_icon][et_pb_text _builder_version=\u00bb4.27.4&#8243; _module_preset=\u00bbdefault\u00bb header_2_font=\u00bbMontserrat|700|||||||\u00bb header_2_text_color=\u00bb#FFFFFF\u00bb global_colors_info=\u00bb{}\u00bb]<\/p>\n<h2 style=\"text-align: center;\">Visit us<\/h2>\n<p>[\/et_pb_text][et_pb_text _builder_version=\u00bb4.27.4&#8243; _module_preset=\u00bbdefault\u00bb text_font=\u00bbMontserrat|300|||||||\u00bb text_text_color=\u00bb#FFFFFF\u00bb global_colors_info=\u00bb{}\u00bb]<\/p>\n<p>Come meet us and tell us about your project in person. We will be delighted to assist you, show you our work, and advise you on the best options for your renovation.<\/p>\n<p>[\/et_pb_text][et_pb_button button_url=\u00bbhttps:\/\/www.google.com\/maps?q=Rua+Aragon+94,+4\u00baE,+Vigo,+Pontevedra\u00bb button_text=\u00bbVisitar\u00bb button_alignment=\u00bbcenter\u00bb _builder_version=\u00bb4.27.4&#8243; _module_preset=\u00bbdefault\u00bb custom_button=\u00bbon\u00bb button_text_size=\u00bb17px\u00bb button_text_color=\u00bb#496476&#8243; button_bg_color=\u00bb#FFFFFF\u00bb button_border_width=\u00bb0px\u00bb button_border_color=\u00bb#808384&#8243; button_border_radius=\u00bb5px\u00bb button_font=\u00bbMontserrat|700|||||||\u00bb button_icon_color=\u00bb#808384&#8243; locked=\u00bboff\u00bb global_colors_info=\u00bb{}\u00bb][\/et_pb_button][\/et_pb_column][et_pb_column type=\u00bb1_3&#8243; _builder_version=\u00bb4.27.4&#8243; _module_preset=\u00bbdefault\u00bb global_colors_info=\u00bb{}\u00bb][et_pb_icon font_icon=\u00bb&#xe090;||divi||400&#8243; icon_color=\u00bb#FFFFFF\u00bb icon_width=\u00bb65px\u00bb _builder_version=\u00bb4.27.4&#8243; _module_preset=\u00bbdefault\u00bb global_colors_info=\u00bb{}\u00bb][\/et_pb_icon][et_pb_text _builder_version=\u00bb4.27.4&#8243; _module_preset=\u00bbdefault\u00bb header_2_font=\u00bbMontserrat|700|||||||\u00bb header_2_text_color=\u00bb#FFFFFF\u00bb global_colors_info=\u00bb{}\u00bb]<\/p>\n<h2 style=\"text-align: center;\">Call us<\/h2>\n<p>[\/et_pb_text][et_pb_text _builder_version=\u00bb4.27.4&#8243; _module_preset=\u00bbdefault\u00bb text_font=\u00bbMontserrat|300|||||||\u00bb text_text_color=\u00bb#FFFFFF\u00bb header_2_font=\u00bbMontserrat||||||||\u00bb global_colors_info=\u00bb{}\u00bb]<\/p>\n<p>Would you prefer to speak to us directly? Give us a call and we will answer all your questions. We will offer you a friendly service and all the information you need to take the first step in your renovation project.<\/p>\n<p>[\/et_pb_text][et_pb_button button_url=\u00bbtel:677314198&#8243; button_text=\u00bbLlamar\u00bb button_alignment=\u00bbcenter\u00bb _builder_version=\u00bb4.27.4&#8243; _module_preset=\u00bbdefault\u00bb custom_button=\u00bbon\u00bb button_text_size=\u00bb17px\u00bb button_text_color=\u00bb#496476&#8243; button_bg_color=\u00bb#FFFFFF\u00bb button_border_width=\u00bb0px\u00bb button_border_color=\u00bb#808384&#8243; button_border_radius=\u00bb5px\u00bb button_font=\u00bbMontserrat|700|||||||\u00bb button_icon_color=\u00bb#808384&#8243; locked=\u00bboff\u00bb global_colors_info=\u00bb{}\u00bb][\/et_pb_button][\/et_pb_column][et_pb_column type=\u00bb1_3&#8243; _builder_version=\u00bb4.27.4&#8243; _module_preset=\u00bbdefault\u00bb global_colors_info=\u00bb{}\u00bb][et_pb_icon font_icon=\u00bb&#xe076;||divi||400&#8243; icon_color=\u00bb#FFFFFF\u00bb icon_width=\u00bb65px\u00bb _builder_version=\u00bb4.27.4&#8243; _module_preset=\u00bbdefault\u00bb global_colors_info=\u00bb{}\u00bb][\/et_pb_icon][et_pb_text _builder_version=\u00bb4.27.4&#8243; _module_preset=\u00bbdefault\u00bb header_2_font=\u00bbMontserrat|700|||||||\u00bb header_2_text_color=\u00bb#FFFFFF\u00bb global_colors_info=\u00bb{}\u00bb]<\/p>\n<h2 style=\"text-align: center;\">Contact us<\/h2>\n<p>[\/et_pb_text][et_pb_text _builder_version=\u00bb4.27.4&#8243; _module_preset=\u00bbdefault\u00bb text_font=\u00bbMontserrat|300|||||||\u00bb text_text_color=\u00bb#FFFFFF\u00bb header_2_font=\u00bbMontserrat||||||||\u00bb global_colors_info=\u00bb{}\u00bb]<\/p>\n<p>Send us a message via email and we will respond as soon as possible. Tell us what you need and we will prepare a proposal tailored to your project.<\/p>\n<p>[\/et_pb_text][et_pb_button button_url=\u00bbmailto:gusproyectosyreformas@gmail.com\u00bb button_text=\u00bbEnviar correo\u00bb button_alignment=\u00bbcenter\u00bb _builder_version=\u00bb4.27.4&#8243; _module_preset=\u00bbdefault\u00bb custom_button=\u00bbon\u00bb button_text_size=\u00bb17px\u00bb button_text_color=\u00bb#496476&#8243; button_bg_color=\u00bb#FFFFFF\u00bb button_border_width=\u00bb0px\u00bb button_border_color=\u00bb#808384&#8243; button_border_radius=\u00bb5px\u00bb button_font=\u00bbMontserrat|700|||||||\u00bb button_icon_color=\u00bb#808384&#8243; locked=\u00bboff\u00bb global_colors_info=\u00bb{}\u00bb][\/et_pb_button][\/et_pb_column][\/et_pb_row][\/et_pb_section][et_pb_section fb_built=\u00bb1&#8243; _builder_version=\u00bb4.27.4&#8243; _module_preset=\u00bbdefault\u00bb background_enable_color=\u00bboff\u00bb locked=\u00bboff\u00bb global_colors_info=\u00bb{}\u00bb][et_pb_row column_structure=\u00bb1_3,1_3,1_3&#8243; _builder_version=\u00bb4.27.4&#8243; _module_preset=\u00bbdefault\u00bb global_colors_info=\u00bb{}\u00bb][et_pb_column type=\u00bb1_3&#8243; _builder_version=\u00bb4.27.4&#8243; _module_preset=\u00bbdefault\u00bb global_colors_info=\u00bb{}\u00bb][et_pb_image src=\u00bbhttps:\/\/gusproyectosyreformas.es\/wp-content\/uploads\/2025\/11\/GUSREFORMAS-200-x-222-px-2.png\u00bb title_text=\u00bbGUSREFORMAS (200 x 222 px) (2)\u00bb _builder_version=\u00bb4.27.4&#8243; _module_preset=\u00bbdefault\u00bb width=\u00bb65%\u00bb hover_enabled=\u00bb0&#8243; global_colors_info=\u00bb{}\u00bb sticky_enabled=\u00bb0&#8243;][\/et_pb_image][et_pb_text _builder_version=\u00bb4.27.4&#8243; _module_preset=\u00bbdefault\u00bb text_font=\u00bbMontserrat|300|||||||\u00bb text_text_color=\u00bb#496476&#8243; text_font_size=\u00bb13px\u00bb global_colors_info=\u00bb{}\u00bb]<\/p>\n<p data-start=\"190\" data-end=\"493\">GUS Reformas offers professional comprehensive renovation services in Vigo and Pontevedra. Specialists in plasterboard, painting, masonry, electricity, plumbing, waterproofing, roofing, and vertical work. Quality, commitment, and guarantee in every project. Request your no-obligation quote.<\/p>\n<p>[\/et_pb_text][\/et_pb_column][et_pb_column type=\u00bb1_3&#8243; _builder_version=\u00bb4.27.4&#8243; _module_preset=\u00bbdefault\u00bb global_colors_info=\u00bb{}\u00bb][et_pb_text _builder_version=\u00bb4.27.4&#8243; _module_preset=\u00bbdefault\u00bb header_3_font=\u00bbMontserrat|800|||||||\u00bb header_3_text_color=\u00bb#496476&#8243; global_colors_info=\u00bb{}\u00bb]<\/p>\n<h3>Our menu<\/h3>\n<p>[\/et_pb_text][et_pb_text _builder_version=\u00bb4.27.4&#8243; _module_preset=\u00bbdefault\u00bb text_font=\u00bbMontserrat||||||||\u00bb text_text_color=\u00bb#496476&#8243; global_colors_info=\u00bb{}\u00bb]<\/p>\n<p><a href=\"https:\/\/gusproyectosyreformas.es\/en\/\">HOME<\/a><\/p>\n<p><a href=\"https:\/\/gusproyectosyreformas.es\/en\/servicios\/\">SERVICES<\/a><\/p>\n<p><a href=\"https:\/\/gusproyectosyreformas.es\/en\/sobre-nosotros\/\">ABOUT US<\/a><\/p>\n<p><a href=\"https:\/\/gusproyectosyreformas.es\/en\/contacto\/\">CONTACT<\/a><\/p>\n<p>[\/et_pb_text][\/et_pb_column][et_pb_column type=\u00bb1_3&#8243; _builder_version=\u00bb4.27.4&#8243; _module_preset=\u00bbdefault\u00bb global_colors_info=\u00bb{}\u00bb][et_pb_text _builder_version=\u00bb4.27.4&#8243; _module_preset=\u00bbdefault\u00bb header_3_font=\u00bbMontserrat|800|||||||\u00bb header_3_text_color=\u00bb#496476&#8243; global_colors_info=\u00bb{}\u00bb]<\/p>\n<h3>Contact<\/h3>\n<p>[\/et_pb_text][et_pb_text _builder_version=\u00bb4.27.4&#8243; _module_preset=\u00bbdefault\u00bb text_font=\u00bbMontserrat||||||||\u00bb text_text_color=\u00bb#496476&#8243; text_font_size=\u00bb16px\u00bb global_colors_info=\u00bb{}\u00bb]<\/p>\n<p>c\/ Rua aragon 94, 4\u00baE, Vigo, Pontevedra<\/p>\n<p>677 31 41 98<\/p>\n<p>gusproyectosyreformas@gmail.com<\/p>\n<p>[\/et_pb_text][\/et_pb_column][\/et_pb_row][\/et_pb_section]<\/p>","protected":false},"excerpt":{"rendered":"<p>Contacta con Gus Reformas\u00bfTienes un proyecto en mente o necesitas presupuesto para una reforma? En Gus Reformas estaremos encantados de escucharte. Cu\u00e9ntanos qu\u00e9 necesitas y te asesoraremos sin compromiso para ofrecerte la mejor soluci\u00f3n. Puedes contactarnos por tel\u00e9fono, correo electr\u00f3nico o llamada telef\u00f3nica. Estamos aqu\u00ed para ayudarte a transformar tus ideas en realidad.Vis\u00edtanosVen a conocernos [&hellip;]<\/p>","protected":false},"author":1,"featured_media":0,"parent":0,"menu_order":0,"comment_status":"closed","ping_status":"closed","template":"","meta":{"_et_pb_use_builder":"on","_et_pb_old_content":"","_et_gb_content_width":"","footnotes":""},"class_list":["post-102","page","type-page","status-publish","hentry"],"yoast_head":"<!-- This site is optimized with the Yoast SEO plugin v26.8 - https:\/\/yoast.com\/product\/yoast-seo-wordpress\/ -->\n<title>Contacto | GUS Proyectos y Reformas en Vigo y Pontevedra<\/title>\n<meta name=\"description\" content=\"Contacta con GUS Proyectos y Reformas. Pide tu presupuesto sin compromiso para cualquier reforma en Vigo o Pontevedra. \u00a1Te responderemos r\u00e1pido!\" \/>\n<meta name=\"robots\" content=\"index, follow, max-snippet:-1, max-image-preview:large, max-video-preview:-1\" \/>\n<link rel=\"canonical\" href=\"https:\/\/gusproyectosyreformas.es\/en\/contacto\/\" \/>\n<meta property=\"og:locale\" content=\"en_GB\" \/>\n<meta property=\"og:type\" content=\"article\" \/>\n<meta property=\"og:title\" content=\"Contacto | GUS Proyectos y Reformas en Vigo y Pontevedra\" \/>\n<meta property=\"og:description\" content=\"Contacta con GUS Proyectos y Reformas. Pide tu presupuesto sin compromiso para cualquier reforma en Vigo o Pontevedra. \u00a1Te responderemos r\u00e1pido!\" \/>\n<meta property=\"og:url\" content=\"https:\/\/gusproyectosyreformas.es\/en\/contacto\/\" \/>\n<meta property=\"og:site_name\" content=\"Gus Proyectos y Reformas\" \/>\n<meta property=\"article:modified_time\" content=\"2025-11-21T11:58:33+00:00\" \/>\n<meta name=\"twitter:card\" content=\"summary_large_image\" \/>\n<meta name=\"twitter:label1\" content=\"Estimated reading time\" \/>\n\t<meta name=\"twitter:data1\" content=\"2 minutes\" \/>\n<script type=\"application\/ld+json\" class=\"yoast-schema-graph\">{\"@context\":\"https:\/\/schema.org\",\"@graph\":[{\"@type\":\"WebPage\",\"@id\":\"https:\/\/gusproyectosyreformas.es\/contacto\/\",\"url\":\"https:\/\/gusproyectosyreformas.es\/contacto\/\",\"name\":\"Contacto | GUS Proyectos y Reformas en Vigo y Pontevedra\",\"isPartOf\":{\"@id\":\"https:\/\/gusproyectosyreformas.es\/#website\"},\"datePublished\":\"2025-10-15T15:37:09+00:00\",\"dateModified\":\"2025-11-21T11:58:33+00:00\",\"description\":\"Contacta con GUS Proyectos y Reformas. Pide tu presupuesto sin compromiso para cualquier reforma en Vigo o Pontevedra. \u00a1Te responderemos r\u00e1pido!\",\"breadcrumb\":{\"@id\":\"https:\/\/gusproyectosyreformas.es\/contacto\/#breadcrumb\"},\"inLanguage\":\"en-GB\",\"potentialAction\":[{\"@type\":\"ReadAction\",\"target\":[\"https:\/\/gusproyectosyreformas.es\/contacto\/\"]}]},{\"@type\":\"BreadcrumbList\",\"@id\":\"https:\/\/gusproyectosyreformas.es\/contacto\/#breadcrumb\",\"itemListElement\":[{\"@type\":\"ListItem\",\"position\":1,\"name\":\"Portada\",\"item\":\"https:\/\/gusproyectosyreformas.es\/\"},{\"@type\":\"ListItem\",\"position\":2,\"name\":\"Contacto\"}]},{\"@type\":\"WebSite\",\"@id\":\"https:\/\/gusproyectosyreformas.es\/#website\",\"url\":\"https:\/\/gusproyectosyreformas.es\/\",\"name\":\"Gus Proyectos y Reformas\",\"description\":\"\",\"publisher\":{\"@id\":\"https:\/\/gusproyectosyreformas.es\/#organization\"},\"potentialAction\":[{\"@type\":\"SearchAction\",\"target\":{\"@type\":\"EntryPoint\",\"urlTemplate\":\"https:\/\/gusproyectosyreformas.es\/?s={search_term_string}\"},\"query-input\":{\"@type\":\"PropertyValueSpecification\",\"valueRequired\":true,\"valueName\":\"search_term_string\"}}],\"inLanguage\":\"en-GB\"},{\"@type\":\"Organization\",\"@id\":\"https:\/\/gusproyectosyreformas.es\/#organization\",\"name\":\"Gus Proyectos y Reformas\",\"url\":\"https:\/\/gusproyectosyreformas.es\/\",\"logo\":{\"@type\":\"ImageObject\",\"inLanguage\":\"en-GB\",\"@id\":\"https:\/\/gusproyectosyreformas.es\/#\/schema\/logo\/image\/\",\"url\":\"https:\/\/gusproyectosyreformas.es\/wp-content\/uploads\/2025\/11\/cropped-LOGO-GUSREFORMAS-1.png\",\"contentUrl\":\"https:\/\/gusproyectosyreformas.es\/wp-content\/uploads\/2025\/11\/cropped-LOGO-GUSREFORMAS-1.png\",\"width\":512,\"height\":512,\"caption\":\"Gus Proyectos y Reformas\"},\"image\":{\"@id\":\"https:\/\/gusproyectosyreformas.es\/#\/schema\/logo\/image\/\"}}]}<\/script>\n<!-- \/ Yoast SEO plugin. -->","yoast_head_json":{"title":"Contacto | GUS Proyectos y Reformas en Vigo y Pontevedra","description":"Contacta con GUS Proyectos y Reformas. Pide tu presupuesto sin compromiso para cualquier reforma en Vigo o Pontevedra. \u00a1Te responderemos r\u00e1pido!","robots":{"index":"index","follow":"follow","max-snippet":"max-snippet:-1","max-image-preview":"max-image-preview:large","max-video-preview":"max-video-preview:-1"},"canonical":"https:\/\/gusproyectosyreformas.es\/en\/contacto\/","og_locale":"en_GB","og_type":"article","og_title":"Contacto | GUS Proyectos y Reformas en Vigo y Pontevedra","og_description":"Contacta con GUS Proyectos y Reformas. Pide tu presupuesto sin compromiso para cualquier reforma en Vigo o Pontevedra. \u00a1Te responderemos r\u00e1pido!","og_url":"https:\/\/gusproyectosyreformas.es\/en\/contacto\/","og_site_name":"Gus Proyectos y Reformas","article_modified_time":"2025-11-21T11:58:33+00:00","twitter_card":"summary_large_image","twitter_misc":{"Estimated reading time":"2 minutes"},"schema":{"@context":"https:\/\/schema.org","@graph":[{"@type":"WebPage","@id":"https:\/\/gusproyectosyreformas.es\/contacto\/","url":"https:\/\/gusproyectosyreformas.es\/contacto\/","name":"Contacto | GUS Proyectos y Reformas en Vigo y Pontevedra","isPartOf":{"@id":"https:\/\/gusproyectosyreformas.es\/#website"},"datePublished":"2025-10-15T15:37:09+00:00","dateModified":"2025-11-21T11:58:33+00:00","description":"Contacta con GUS Proyectos y Reformas. Pide tu presupuesto sin compromiso para cualquier reforma en Vigo o Pontevedra. \u00a1Te responderemos r\u00e1pido!","breadcrumb":{"@id":"https:\/\/gusproyectosyreformas.es\/contacto\/#breadcrumb"},"inLanguage":"en-GB","potentialAction":[{"@type":"ReadAction","target":["https:\/\/gusproyectosyreformas.es\/contacto\/"]}]},{"@type":"BreadcrumbList","@id":"https:\/\/gusproyectosyreformas.es\/contacto\/#breadcrumb","itemListElement":[{"@type":"ListItem","position":1,"name":"Portada","item":"https:\/\/gusproyectosyreformas.es\/"},{"@type":"ListItem","position":2,"name":"Contacto"}]},{"@type":"WebSite","@id":"https:\/\/gusproyectosyreformas.es\/#website","url":"https:\/\/gusproyectosyreformas.es\/","name":"Gus Projects and Renovations","description":"","publisher":{"@id":"https:\/\/gusproyectosyreformas.es\/#organization"},"potentialAction":[{"@type":"SearchAction","target":{"@type":"EntryPoint","urlTemplate":"https:\/\/gusproyectosyreformas.es\/?s={search_term_string}"},"query-input":{"@type":"PropertyValueSpecification","valueRequired":true,"valueName":"search_term_string"}}],"inLanguage":"en-GB"},{"@type":"Organization","@id":"https:\/\/gusproyectosyreformas.es\/#organization","name":"Gus Projects and Renovations","url":"https:\/\/gusproyectosyreformas.es\/","logo":{"@type":"ImageObject","inLanguage":"en-GB","@id":"https:\/\/gusproyectosyreformas.es\/#\/schema\/logo\/image\/","url":"https:\/\/gusproyectosyreformas.es\/wp-content\/uploads\/2025\/11\/cropped-LOGO-GUSREFORMAS-1.png","contentUrl":"https:\/\/gusproyectosyreformas.es\/wp-content\/uploads\/2025\/11\/cropped-LOGO-GUSREFORMAS-1.png","width":512,"height":512,"caption":"Gus Proyectos y Reformas"},"image":{"@id":"https:\/\/gusproyectosyreformas.es\/#\/schema\/logo\/image\/"}}]}},"_links":{"self":[{"href":"https:\/\/gusproyectosyreformas.es\/en\/wp-json\/wp\/v2\/pages\/102","targetHints":{"allow":["GET"]}}],"collection":[{"href":"https:\/\/gusproyectosyreformas.es\/en\/wp-json\/wp\/v2\/pages"}],"about":[{"href":"https:\/\/gusproyectosyreformas.es\/en\/wp-json\/wp\/v2\/types\/page"}],"author":[{"embeddable":true,"href":"https:\/\/gusproyectosyreformas.es\/en\/wp-json\/wp\/v2\/users\/1"}],"replies":[{"embeddable":true,"href":"https:\/\/gusproyectosyreformas.es\/en\/wp-json\/wp\/v2\/comments?post=102"}],"version-history":[{"count":15,"href":"https:\/\/gusproyectosyreformas.es\/en\/wp-json\/wp\/v2\/pages\/102\/revisions"}],"predecessor-version":[{"id":260,"href":"https:\/\/gusproyectosyreformas.es\/en\/wp-json\/wp\/v2\/pages\/102\/revisions\/260"}],"wp:attachment":[{"href":"https:\/\/gusproyectosyreformas.es\/en\/wp-json\/wp\/v2\/media?parent=102"}],"curies":[{"name":"wp","href":"https:\/\/api.w.org\/{rel}","templated":true}]}}